{"id":1444,"date":"2021-04-06T15:21:52","date_gmt":"2021-04-06T15:21:52","guid":{"rendered":"https:\/\/the-sky-boudoir.com\/impressum\/"},"modified":"2022-02-11T16:00:16","modified_gmt":"2022-02-11T16:00:16","slug":"impressum","status":"publish","type":"page","link":"https:\/\/the-sky-boudoir.com\/en\/impressum\/","title":{"rendered":"IMPRESSUM"},"content":{"rendered":"\n<h2 id=\"impressum\"><strong>IMPRESSUM<\/strong><\/h2>\n\n\n\n<p>Angaben gem\u00e4\u00df \u00a7 5 TMG:<br>Conny Hepting<br>Schraudolphstr. 34<br>80799 M\u00fcnchen<br>info@the-sky-boudoir.com<\/p>\n\n\n\n<p>Verantwortlich f\u00fcr den Inhalt<br>nach \u00a7 55 Abs. 2 RStV:<br>Conny Hepting<br>Schraudolphstr. 34<br>80799 M\u00fcnchen<\/p>\n\n\n\n<p>COPYRIGHT<br>S\u00e4mtliche Texte, Bilder und andere auf der Internetseite ver\u00f6ffentlichten Werke unterliegen \u2013 sofern nicht anders gekennzeichnet \u2013 dem Copyright von Conny Hepting. Jede Vervielf\u00e4ltigung, Verbreitung, Speicherung, \u00dcbermittlung, Sendung und Wieder- bzw. Weitergabe der Inhalte ist ohne schriftliche Genehmigung von Conny Hepting ausdr\u00fccklich untersagt. Es darf lediglich eine Kopie der auf dieser Internetseite vorgefundenen Informationen auf einen einzigen Computer f\u00fcr den pers\u00f6nlichen, nicht-kommerziellen und internen Gebrauch heruntergeladen werden.<br>Logos, Grafiken, Text, Bilder oder Videos auf diesen Internetseiten d\u00fcrfen nur nach vorheriger schriftlicher Genehmigung durch Conny Hepting kopiert, vervielf\u00e4ltigt, ge\u00e4ndert, ver\u00f6ffentlicht, heruntergeladen, versendet, \u00fcbertragen oder auf sonstige Weise genutzt werden.<\/p>\n\n\n\n<p>Haftung f\u00fcr Inhalte<br>Als Diensteanbieter bin ich gem\u00e4\u00df \u00a7 7 Abs.1 TMG f\u00fcr eigene Inhalte auf diesen Seiten nach den allgemeinen Gesetzen verantwortlich. Nach \u00a7\u00a7 8 bis 10 TMG bin ich als Diensteanbieter jedoch nicht verpflichtet, \u00fcbermittelte oder gespeicherte fremde Informationen zu \u00fcberwachen oder nach Umst\u00e4nden zu forschen, die auf eine rechtswidrige T\u00e4tigkeit hinweisen. Verpflichtungen zur Entfernung oder Sperrung der Nutzung von Informationen nach den allgemeinen Gesetzen bleiben hiervon unber\u00fchrt. Eine diesbez\u00fcgliche Haftung ist jedoch erst ab dem Zeitpunkt der Kenntnis einer konkreten Rechtsverletzung m\u00f6glich. Bei Bekanntwerden von entsprechenden Rechtsverletzungen werden wir diese Inhalte umgehend entfernen.<\/p>\n\n\n\n<p>Haftung f\u00fcr Links<br>Mein Angebot enth\u00e4lt Links zu externen Webseiten Dritter, auf deren Inhalte ich keinen Einfluss habe. Deshalb kann ich f\u00fcr diese fremden Inhalte auch keine Gew\u00e4hr \u00fcbernehmen. F\u00fcr die Inhalte der verlinkten Seiten ist stets der jeweilige Anbieter oder Betreiber der Seiten verantwortlich. Die verlinkten Seiten wurden zum Zeitpunkt der Verlinkung auf m\u00f6gliche Rechtsverst\u00f6\u00dfe \u00fcberpr\u00fcft. Rechtswidrige Inhalte waren zum Zeitpunkt der Verlinkung nicht erkennbar. Eine permanente inhaltliche Kontrolle der verlinkten Seiten ist jedoch ohne konkrete Anhaltspunkte einer Rechtsverletzung nicht zumutbar. Bei Bekanntwerden von Rechtsverletzungen werde ich derartige Links umgehend entfernen.<\/p>\n\n\n\n<p>Urheberrecht<br>Die durch die Seitenbetreiber erstellten Inhalte und Werke auf diesen Seiten unterliegen dem deutschen Urheberrecht. Die Vervielf\u00e4ltigung, Bearbeitung, Verbreitung und jede Art der Verwertung au\u00dferhalb der Grenzen des Urheberrechtes bed\u00fcrfen der schriftlichen Zustimmung des jeweiligen Autors bzw. Erstellers. Downloads und Kopien dieser Seite sind nur f\u00fcr den privaten, nicht kommerziellen Gebrauch gestattet. Soweit die Inhalte auf dieser Seite nicht vom Betreiber erstellt wurden, werden die Urheberrechte Dritter beachtet. Insbesondere werden Inhalte Dritter als solche gekennzeichnet. Sollten Sie trotzdem auf eine Urheberrechtsverletzung aufmerksam werden, bitten wir um einen entsprechenden Hinweis. Bei Bekanntwerden von Rechtsverletzungen werde ich derartige Inhalte umgehend entfernen.<\/p>\n","protected":false},"excerpt":{"rendered":"<p>IMPRESSUM Angaben gem\u00e4\u00df \u00a7 5 TMG:Conny HeptingSchraudolphstr. 3480799 M\u00fcncheninfo@the-sky-boudoir.com Verantwortlich f\u00fcr den Inhaltnach \u00a7 55 Abs. 2 RStV:Conny HeptingSchraudolphstr. 3480799 M\u00fcnchen COPYRIGHTS\u00e4mtliche Texte, Bilder und andere auf der Internetseite ver\u00f6ffentlichten Werke unterliegen \u2013 sofern nicht anders gekennzeichnet \u2013 dem Copyright von Conny Hepting. Jede Vervielf\u00e4ltigung, Verbreitung, Speicherung, \u00dcbermittlung, Sendung und Wieder- bzw. Weitergabe der Inhalte [&hellip;]<\/p>\n","protected":false},"author":1,"featured_media":0,"parent":0,"menu_order":0,"comment_status":"closed","ping_status":"closed","template":"","meta":[],"_links":{"self":[{"href":"https:\/\/the-sky-boudoir.com\/en\/wp-json\/wp\/v2\/pages\/1444"}],"collection":[{"href":"https:\/\/the-sky-boudoir.com\/en\/wp-json\/wp\/v2\/pages"}],"about":[{"href":"https:\/\/the-sky-boudoir.com\/en\/wp-json\/wp\/v2\/types\/page"}],"author":[{"embeddable":true,"href":"https:\/\/the-sky-boudoir.com\/en\/wp-json\/wp\/v2\/users\/1"}],"replies":[{"embeddable":true,"href":"https:\/\/the-sky-boudoir.com\/en\/wp-json\/wp\/v2\/comments?post=1444"}],"version-history":[{"count":1,"href":"https:\/\/the-sky-boudoir.com\/en\/wp-json\/wp\/v2\/pages\/1444\/revisions"}],"predecessor-version":[{"id":1445,"href":"https:\/\/the-sky-boudoir.com\/en\/wp-json\/wp\/v2\/pages\/1444\/revisions\/1445"}],"wp:attachment":[{"href":"https:\/\/the-sky-boudoir.com\/en\/wp-json\/wp\/v2\/media?parent=1444"}],"curies":[{"name":"wp","href":"https:\/\/api.w.org\/{rel}","templated":true}]}}